{"id":6031,"date":"2024-11-06T13:41:15","date_gmt":"2024-11-06T13:41:15","guid":{"rendered":"http:\/\/canusebe.webhosting.be\/produits\/inclusion-verre\/"},"modified":"2024-11-28T09:30:05","modified_gmt":"2024-11-28T09:30:05","slug":"inclusion-verre","status":"publish","type":"page","link":"https:\/\/canuse.be\/fr\/produits\/inclusion-verre\/","title":{"rendered":"Inclusion verre"},"content":{"rendered":"<p><div class=\"fusion-fullwidth fullwidth-box fusion-builder-row-1 fusion-flex-container has-pattern-background has-mask-background nonhundred-percent-fullwidth non-hundred-percent-height-scrolling\" style=\"--awb-border-radius-top-left:0px;--awb-border-radius-top-right:0px;--awb-border-radius-bottom-right:0px;--awb-border-radius-bottom-left:0px;--awb-padding-top:60px;--awb-padding-bottom:50px;--awb-min-height:70vh;--awb-background-color:var(--awb-color2);--awb-flex-wrap:wrap;\" ><div class=\"fusion-builder-row fusion-row fusion-flex-align-items-stretch fusion-flex-content-wrap\" style=\"max-width:1248px;margin-left: calc(-4% \/ 2 );margin-right: calc(-4% \/ 2 );\"><div class=\"fusion-layout-column fusion_builder_column fusion-builder-column-0 fusion_builder_column_1_2 1_2 fusion-flex-column\" style=\"--awb-bg-image:url(&#039;https:\/\/canuse.be\/wp-content\/uploads\/2024\/11\/20231126042716bisson-bruneel_01_projet-pere-sotieu-basse-def-variation-de-laine-blanc.jpg&#039;);--awb-bg-position:center bottom;--awb-bg-size:cover;--awb-width-large:50%;--awb-margin-top-large:0px;--awb-spacing-right-large:3.84%;--awb-margin-bottom-large:20px;--awb-spacing-left-large:3.84%;--awb-width-medium:50%;--awb-order-medium:0;--awb-spacing-right-medium:3.84%;--awb-spacing-left-medium:3.84%;--awb-width-small:100%;--awb-order-small:0;--awb-spacing-right-small:1.92%;--awb-spacing-left-small:1.92%;\" data-scroll-devices=\"small-visibility,medium-visibility,large-visibility\"><div class=\"fusion-column-wrapper fusion-column-has-shadow fusion-flex-justify-content-flex-start fusion-content-layout-column fusion-empty-column-bg-image fusion-column-has-bg-image\" data-bg-url=\"https:\/\/canuse.be\/wp-content\/uploads\/2024\/11\/20231126042716bisson-bruneel_01_projet-pere-sotieu-basse-def-variation-de-laine-blanc.jpg\"><img decoding=\"async\" class=\"fusion-empty-dims-img-placeholder fusion-no-large-visibility fusion-no-medium-visibility\" aria-label=\"20231126042716bisson-bruneel_01_projet-pere-sotieu-basse-def-variation-de-laine-blanc\" src=\"data:image\/svg+xml,%3Csvg%20xmlns%3D%27http%3A%2F%2Fwww.w3.org%2F2000%2Fsvg%27%20width%3D%271800%27%20height%3D%272250%27%20viewBox%3D%270%200%201800%202250%27%3E%3Crect%20width%3D%271800%27%20height%3D%272250%27%20fill-opacity%3D%220%22%2F%3E%3C%2Fsvg%3E\"><\/div><\/div><div class=\"fusion-layout-column fusion_builder_column fusion-builder-column-1 fusion_builder_column_1_2 1_2 fusion-flex-column\" style=\"--awb-bg-size:cover;--awb-width-large:50%;--awb-margin-top-large:0px;--awb-spacing-right-large:3.84%;--awb-margin-bottom-large:0px;--awb-spacing-left-large:3.84%;--awb-width-medium:50%;--awb-order-medium:0;--awb-spacing-right-medium:3.84%;--awb-spacing-left-medium:3.84%;--awb-width-small:100%;--awb-order-small:0;--awb-spacing-right-small:1.92%;--awb-margin-bottom-small:0px;--awb-spacing-left-small:1.92%;\"><div class=\"fusion-column-wrapper fusion-column-has-shadow fusion-flex-justify-content-flex-start fusion-content-layout-column\"><div class=\"fusion-title title fusion-title-1 fusion-sep-none fusion-title-text fusion-title-size-two\"><h2 class=\"fusion-title-heading title-heading-left\" style=\"margin:0;\">PRODUITS | <b>INCLUSION VERRE<\/b><\/h2><\/div><div class=\"fusion-text fusion-text-1\"><p>Bisson-Bruneel offre un nouveau concept \u00ab\u00a0FUSION\u00a0\u00bb, n\u00e9 de la rencontre et la fusion de deux mati\u00e8res nobles: le tissu et le verre.<\/p>\n<p>Gr\u00e2ce \u00e0 un proc\u00e9d\u00e9 unique, d\u00e9velopp\u00e9 avec un partenaire miroitier, les tissus sont int\u00e9gr\u00e9s entre deux verres extra-blancs de 8 \u00e0 24 mm d\u2019\u00e9paisseur formant ainsi des vitrages d\u2019exception.<\/p>\n<p>Cette nouvelle mati\u00e8re cr\u00e9ative, contemporaine et tr\u00e8s design se d\u00e9cline en projets d\u2019agencement int\u00e9rieur (porte coulissante, cloisons, parois de douche, s\u00e9parations de pi\u00e8ce, mobiliers\u2026) \u00a0avec plus de 118 combinaisons possibles de tissus.<\/p>\n<\/div><\/div><\/div><\/div><\/div><div class=\"fusion-fullwidth fullwidth-box fusion-builder-row-2 fusion-flex-container has-pattern-background has-mask-background nonhundred-percent-fullwidth non-hundred-percent-height-scrolling\" style=\"--awb-border-radius-top-left:0px;--awb-border-radius-top-right:0px;--awb-border-radius-bottom-right:0px;--awb-border-radius-bottom-left:0px;--awb-margin-top:60px;--awb-flex-wrap:wrap;\" ><div class=\"fusion-builder-row fusion-row fusion-flex-align-items-flex-start fusion-flex-content-wrap\" style=\"max-width:1248px;margin-left: calc(-4% \/ 2 );margin-right: calc(-4% \/ 2 );\"><div class=\"fusion-layout-column fusion_builder_column fusion-builder-column-2 fusion_builder_column_1_1 1_1 fusion-flex-column\" style=\"--awb-bg-size:cover;--awb-width-large:100%;--awb-margin-top-large:0px;--awb-spacing-right-large:1.92%;--awb-margin-bottom-large:20px;--awb-spacing-left-large:1.92%;--awb-width-medium:100%;--awb-order-medium:0;--awb-spacing-right-medium:1.92%;--awb-spacing-left-medium:1.92%;--awb-width-small:100%;--awb-order-small:0;--awb-spacing-right-small:1.92%;--awb-spacing-left-small:1.92%;\"><div class=\"fusion-column-wrapper fusion-column-has-shadow fusion-flex-justify-content-flex-start fusion-content-layout-column\"><div class=\"fusion-title title fusion-title-2 fusion-sep-none fusion-title-text fusion-title-size-one\" style=\"--awb-margin-bottom:25px;\"><h1 class=\"fusion-title-heading title-heading-left\" style=\"margin:0;\">D\u00e9couvrez les collections <b>inclusion verre<\/b><\/h1><\/div><div class=\"fusion-post-cards fusion-post-cards-1 fusion-delayed-animation fusion-grid-archive fusion-grid-columns-4\" style=\"--awb-dots-align:center;--awb-active-filter-border-size:3px;--awb-filters-height:36px;\" data-animationType=\"slideInUp\" data-animationDuration=\"0.6\" data-animationOffset=\"top-into-view\" data-animation-delay=\"0.2\"><ul class=\"fusion-grid fusion-grid-4 fusion-flex-align-items-stretch fusion-grid-posts-cards\"><li class=\"fusion-layout-column fusion_builder_column fusion-builder-column-3 fusion-flex-column fusion-column-inner-bg-wrapper fusion-animated post-card fusion-grid-column fusion-post-cards-grid-column product--view product type-product fusion-animated\" style=\"--awb-inner-bg-blend:overlay;--awb-inner-bg-size:cover;--awb-transform:translateY(7px);--awb-transform-hover:translateY(0px);--awb-flex-grow:0;--awb-flex-shrink:0;--awb-flex-grow-medium:0;--awb-flex-shrink-medium:0;--awb-flex-grow-small:0;--awb-flex-shrink-small:0;\" data-animationType=\"slideInUp\" data-animationDuration=\"0.6\" data-animationDelay=\"0.2\" data-animationOffset=\"top-into-view\" data-scroll-devices=\"small-visibility,medium-visibility,large-visibility\"><span class=\"fusion-column-inner-bg hover-type-none\"><a class=\"fusion-column-anchor\" href=\"https:\/\/canuse.be\/fr\/product\/bisson-bruneel\/by-bisson-bruneel\/\"><span class=\"fusion-column-inner-bg-image\"><\/span><\/a><\/span><div class=\"fusion-column-wrapper fusion-column-has-shadow fusion-flex-justify-content-flex-start fusion-content-layout-column\"><div class=\"fusion-builder-row fusion-builder-row-inner fusion-row fusion-flex-align-items-flex-start fusion-flex-content-wrap\" style=\"width:104% !important;max-width:104% !important;margin-left: calc(-4% \/ 2 );margin-right: calc(-4% \/ 2 );\"><div class=\"fusion-layout-column fusion_builder_column_inner fusion-builder-nested-column-0 fusion_builder_column_inner_1_1 1_1 fusion-flex-column\" style=\"--awb-padding-top:40px;--awb-padding-right:20px;--awb-padding-bottom:40px;--awb-padding-left:20px;--awb-bg-color:var(--awb-color5);--awb-bg-color-hover:var(--awb-color5);--awb-bg-size:cover;--awb-width-large:100%;--awb-margin-top-large:0px;--awb-spacing-right-large:1.92%;--awb-margin-bottom-large:0px;--awb-spacing-left-large:1.92%;--awb-width-medium:100%;--awb-order-medium:0;--awb-spacing-right-medium:1.92%;--awb-spacing-left-medium:1.92%;--awb-width-small:100%;--awb-order-small:0;--awb-spacing-right-small:1.92%;--awb-spacing-left-small:1.92%;\"><div class=\"fusion-column-wrapper fusion-column-has-shadow fusion-flex-justify-content-center fusion-content-layout-column\"><div class=\"fusion-title title fusion-title-3 fusion-sep-none fusion-title-center fusion-title-text fusion-title-size-two\" style=\"--awb-text-color:var(--awb-color1);--awb-margin-bottom:0px;\"><h2 class=\"fusion-title-heading title-heading-center\" style=\"font-family:&quot;Noto Sans&quot;;font-style:normal;font-weight:500;margin:0;\">INCLUSION VERRE<\/h2><\/div><div class=\"fusion-text fusion-text-2 fusion-text-no-margin\" style=\"--awb-content-alignment:center;--awb-font-size:var(--awb-custom_typography_2-font-size);--awb-line-height:var(--awb-custom_typography_2-line-height);--awb-letter-spacing:var(--awb-custom_typography_2-letter-spacing);--awb-text-transform:var(--awb-custom_typography_2-text-transform);--awb-text-color:var(--awb-color1);--awb-margin-top:8px;--awb-text-font-family:var(--awb-custom_typography_2-font-family);--awb-text-font-weight:var(--awb-custom_typography_2-font-weight);--awb-text-font-style:var(--awb-custom_typography_2-font-style);\"><p>Fusion by Bisson-Bruneel<\/p>\n<\/div><\/div><\/div><\/div><div class=\"fusion-image-element \" style=\"--awb-aspect-ratio:2 \/ 3;--awb-caption-title-font-family:var(--h2_typography-font-family);--awb-caption-title-font-weight:var(--h2_typography-font-weight);--awb-caption-title-font-style:var(--h2_typography-font-style);--awb-caption-title-size:var(--h2_typography-font-size);--awb-caption-title-transform:var(--h2_typography-text-transform);--awb-caption-title-line-height:var(--h2_typography-line-height);--awb-caption-title-letter-spacing:var(--h2_typography-letter-spacing);\"><span class=\" fusion-imageframe imageframe-none imageframe-1 hover-type-none has-aspect-ratio\"><img decoding=\"async\" width=\"1800\" height=\"2250\" title=\"20231126042726bisson-bruneel_03_projet-chalet-solar_basse-def-entrelace-cuir\" src=\"https:\/\/canuse.be\/wp-content\/uploads\/2024\/11\/20231126042726bisson-bruneel_03_projet-chalet-solar_basse-def-entrelace-cuir.jpg\" class=\"img-responsive wp-image-5401 img-with-aspect-ratio\" data-parent-fit=\"cover\" data-parent-container=\".fusion-image-element\" alt srcset=\"https:\/\/canuse.be\/wp-content\/uploads\/2024\/11\/20231126042726bisson-bruneel_03_projet-chalet-solar_basse-def-entrelace-cuir-200x250.jpg 200w, https:\/\/canuse.be\/wp-content\/uploads\/2024\/11\/20231126042726bisson-bruneel_03_projet-chalet-solar_basse-def-entrelace-cuir-400x500.jpg 400w, https:\/\/canuse.be\/wp-content\/uploads\/2024\/11\/20231126042726bisson-bruneel_03_projet-chalet-solar_basse-def-entrelace-cuir-600x750.jpg 600w, https:\/\/canuse.be\/wp-content\/uploads\/2024\/11\/20231126042726bisson-bruneel_03_projet-chalet-solar_basse-def-entrelace-cuir-800x1000.jpg 800w, https:\/\/canuse.be\/wp-content\/uploads\/2024\/11\/20231126042726bisson-bruneel_03_projet-chalet-solar_basse-def-entrelace-cuir-1200x1500.jpg 1200w, https:\/\/canuse.be\/wp-content\/uploads\/2024\/11\/20231126042726bisson-bruneel_03_projet-chalet-solar_basse-def-entrelace-cuir.jpg 1800w\" sizes=\"(max-width: 640px) 100vw, 1800px\" \/><\/span><\/div><\/div><\/li>\n<\/ul><\/div><\/div><\/div><\/div><\/div><\/p>\n","protected":false},"excerpt":{"rendered":"","protected":false},"author":1,"featured_media":5395,"parent":5989,"menu_order":16,"comment_status":"closed","ping_status":"closed","template":"100-width.php","meta":{"_acf_changed":false,"footnotes":""},"class_list":["post-6031","page","type-page","status-publish","has-post-thumbnail","hentry"],"acf":[],"_links":{"self":[{"href":"https:\/\/canuse.be\/fr\/wp-json\/wp\/v2\/pages\/6031","targetHints":{"allow":["GET"]}}],"collection":[{"href":"https:\/\/canuse.be\/fr\/wp-json\/wp\/v2\/pages"}],"about":[{"href":"https:\/\/canuse.be\/fr\/wp-json\/wp\/v2\/types\/page"}],"author":[{"embeddable":true,"href":"https:\/\/canuse.be\/fr\/wp-json\/wp\/v2\/users\/1"}],"replies":[{"embeddable":true,"href":"https:\/\/canuse.be\/fr\/wp-json\/wp\/v2\/comments?post=6031"}],"version-history":[{"count":2,"href":"https:\/\/canuse.be\/fr\/wp-json\/wp\/v2\/pages\/6031\/revisions"}],"predecessor-version":[{"id":6033,"href":"https:\/\/canuse.be\/fr\/wp-json\/wp\/v2\/pages\/6031\/revisions\/6033"}],"up":[{"embeddable":true,"href":"https:\/\/canuse.be\/fr\/wp-json\/wp\/v2\/pages\/5989"}],"wp:featuredmedia":[{"embeddable":true,"href":"https:\/\/canuse.be\/fr\/wp-json\/wp\/v2\/media\/5395"}],"wp:attachment":[{"href":"https:\/\/canuse.be\/fr\/wp-json\/wp\/v2\/media?parent=6031"}],"curies":[{"name":"wp","href":"https:\/\/api.w.org\/{rel}","templated":true}]}}